{"id":6283,"date":"2020-02-09T10:37:36","date_gmt":"2020-02-08T23:37:36","guid":{"rendered":"https:\/\/rundreise.4lima.de\/?page_id=6283"},"modified":"2024-01-12T13:43:20","modified_gmt":"2024-01-12T12:43:20","slug":"zahlen","status":"publish","type":"page","link":"https:\/\/rundreise.dosiek.de\/?page_id=6283","title":{"rendered":"Zahlen"},"content":{"rendered":"<p><!-- \n\n<p>\n <a href=\"index.php?page_id=6279\">\n  <img decoding=\"async\" src=\"https:\/\/rundreise.dosiek.de\/wp-content\/uploads\/2020\/02\/ThumbKumulDiagramme.png\" alt=\"Diagramme kumulativer Gr\u00f6\u00dfen\" style=\"width:132px;height:72px;border:0;\">\n<\/a>\n<\/p>\n\n\n\n\n<p>\n <a href=\"index.php?page_id=6346\">\n  <img decoding=\"async\" src=\"https:\/\/rundreise.dosiek.de\/wp-content\/uploads\/2020\/02\/ThumbScatterDiagramme.png\" alt=\"Trackdaten\" style=\"width:132px;height:72px;border:0;\">\n<\/a>\n<\/p>\n\n\n\n\n<p>\n <a href=\"index.php?page_id=6277\">\n  <img decoding=\"async\" src=\"https:\/\/rundreise.dosiek.de\/wp-content\/uploads\/2020\/02\/ThumbTabelleLaender.png\" alt=\"Tabelle der L\u00e4nderaufenthalte\" style=\"width:67px;height:72px;border:0;\">\n<\/a>\n<\/p>\n\n --><\/p>\n<table>\n<tr>\n<td><a href=\"index.php?page_id=6279\"><br \/>\n  <img decoding=\"async\" src=\"https:\/\/rundreise.dosiek.de\/wp-content\/uploads\/2020\/02\/ThumbKumulDiagramme.png\" alt=\"Diagramme kumulativer Gr\u00f6\u00dfen\" style=\"width:132px;height:72px;border:0;\"><br \/>\n<\/a><\/td>\n<td><a href=\"index.php?page_id=6346\"><br \/>\n  <img decoding=\"async\" src=\"https:\/\/rundreise.dosiek.de\/wp-content\/uploads\/2020\/02\/ThumbScatterDiagramme.png\" alt=\"Trackdaten\" style=\"width:132px;height:72px;border:0;\"><br \/>\n<\/a><\/td>\n<td><a href=\"index.php?page_id=6277\"><br \/>\n  <img decoding=\"async\" src=\"https:\/\/rundreise.dosiek.de\/wp-content\/uploads\/2020\/02\/ThumbTabelleLaender.png\" alt=\"Tabelle der L\u00e4nderaufenthalte\" style=\"width:67px;height:72px;border:0;\"><br \/>\n<\/a><\/td>\n<\/tr>\n<tr>\n<td><a href=\"index.php?page_id=6279\">Kumulative Werte<\/a><\/td>\n<td><a href=\"index.php?page_id=6346\">Trackdaten<\/a><\/td>\n<td><a href=\"index.php?page_id=6277\">L\u00e4nderdatentabelle<\/a><\/td>\n<\/tr>\n<\/table>\n<p>Die Diagramme sind f\u00fcr die Verwendung auf Ger\u00e4ten mit einem Mauszeiger konzipiert. Bei Steuerung mittels Touchscreen ist z. B. oft nicht erkennbar, welcher Datenpunkt selektiert wurde.<\/p>\n<hr>\n<p>\nDer folgenden Links sollten nur vom Administartor aufgerufen werden und nur dann, wenn Daten im benutzerdefinierten Feld &#8220;nw_cf_tripdata&#8221; erg\u00e4nzt bzw. Tracks, gel\u00f6scht oder ge\u00e4ndert wurden.<br \/>\n<a href=\"index.php?page_id=6281\" onclick=\"return confirm('Sind Sie sicher?');\">Update Daten<\/a><br \/>\n<a href=\"index.php?page_id=10141\" onclick=\"return confirm('Sind Sie sicher?');\">Update Wo-Wann-Was<\/a><\/p>\n","protected":false},"excerpt":{"rendered":"<p>Kumulative Werte Trackdaten L\u00e4nderdatentabelle Die Diagramme sind f\u00fcr die Verwendung auf Ger\u00e4ten mit einem Mauszeiger konzipiert. Bei Steuerung mittels Touchscreen ist z. B. oft nicht erkennbar, welcher Datenpunkt selektiert wurde. Der folgenden Links sollten nur vom Administartor aufgerufen werden und&hellip; <\/p>\n","protected":false},"author":108,"featured_media":0,"parent":0,"menu_order":0,"comment_status":"closed","ping_status":"closed","template":"","meta":{"footnotes":""},"class_list":["post-6283","page","type-page","status-publish","hentry"],"_links":{"self":[{"href":"https:\/\/rundreise.dosiek.de\/index.php?rest_route=\/wp\/v2\/pages\/6283","targetHints":{"allow":["GET"]}}],"collection":[{"href":"https:\/\/rundreise.dosiek.de\/index.php?rest_route=\/wp\/v2\/pages"}],"about":[{"href":"https:\/\/rundreise.dosiek.de\/index.php?rest_route=\/wp\/v2\/types\/page"}],"author":[{"embeddable":true,"href":"https:\/\/rundreise.dosiek.de\/index.php?rest_route=\/wp\/v2\/users\/108"}],"replies":[{"embeddable":true,"href":"https:\/\/rundreise.dosiek.de\/index.php?rest_route=%2Fwp%2Fv2%2Fcomments&post=6283"}],"version-history":[{"count":0,"href":"https:\/\/rundreise.dosiek.de\/index.php?rest_route=\/wp\/v2\/pages\/6283\/revisions"}],"wp:attachment":[{"href":"https:\/\/rundreise.dosiek.de\/index.php?rest_route=%2Fwp%2Fv2%2Fmedia&parent=6283"}],"curies":[{"name":"wp","href":"https:\/\/api.w.org\/{rel}","templated":true}]}}